{"id":21913,"date":"2026-01-19T11:44:08","date_gmt":"2026-01-19T09:44:08","guid":{"rendered":"https:\/\/medapp.lv\/?post_type=product&#038;p=21913"},"modified":"2026-03-03T18:43:51","modified_gmt":"2026-03-03T16:43:51","slug":"pleca-rokas-stabilizators","status":"publish","type":"product","link":"https:\/\/medapp.lv\/lt\/produktas\/pleca-rokas-stabilizators\/","title":{"rendered":"Peties\/rankos stabilizatorius"},"content":{"rendered":"<p>Peties \/ rankos stabilizatorius imobilizuoja ir palaiko vir\u0161utin\u0119 gal\u016bn\u0119. J\u012f galima naudoti tiek kairei, tiek de\u0161inei rankai. Jis stabilizuoja rank\u0105 ir suma\u017eina rankos, peties ir alk\u016bn\u0117s s\u0105nari\u0173 apkrov\u0105. J\u012f galima naudoti kartu su kitomis atramomis ir gipsu.<\/p>\n<p>&nbsp;<\/p>","protected":false},"excerpt":{"rendered":"<p>Pe\u010di\u0173 stabilizatori\u0173 rekomenduojama naudoti \u0161iais atvejais:<br data-start=\"111\" data-end=\"114\" \/>\u2013 stiprus peties s\u0105nario skausmas (trumpalaikei apsaugai)<br data-start=\"170\" data-end=\"173\" \/>\u2013 s\u0105nario i\u0161nirimas<br data-start=\"196\" data-end=\"199\" \/>\u2013 peties ir rankos mink\u0161t\u0173j\u0173 audini\u0173 pa\u017eeidimai<br data-start=\"235\" data-end=\"238\" \/>\u2013 po peties ar alk\u016bn\u0117s operacijos (jei gipso nereikia)<br data-start=\"307\" data-end=\"310\" \/>\u2013 tais atvejais, kai reikia paremti arba i\u0161 dalies fiksuoti vir\u0161utin\u0119 gal\u016bn\u0119<\/p>","protected":false},"featured_media":21914,"comment_status":"open","ping_status":"closed","template":"","meta":[],"product_brand":[],"product_cat":[139,136],"product_tag":[],"class_list":{"0":"post-21913","1":"product","2":"type-product","3":"status-publish","4":"has-post-thumbnail","6":"product_cat-rokas-un-plaukstai","7":"product_cat-pleca-ortozes","9":"first","10":"instock","11":"taxable","12":"shipping-taxable","13":"purchasable","14":"product-type-variable"},"_links":{"self":[{"href":"https:\/\/medapp.lv\/lt\/wp-json\/wp\/v2\/product\/21913","targetHints":{"allow":["GET"]}}],"collection":[{"href":"https:\/\/medapp.lv\/lt\/wp-json\/wp\/v2\/product"}],"about":[{"href":"https:\/\/medapp.lv\/lt\/wp-json\/wp\/v2\/types\/product"}],"replies":[{"embeddable":true,"href":"https:\/\/medapp.lv\/lt\/wp-json\/wp\/v2\/comments?post=21913"}],"version-history":[{"count":1,"href":"https:\/\/medapp.lv\/lt\/wp-json\/wp\/v2\/product\/21913\/revisions"}],"predecessor-version":[{"id":21920,"href":"https:\/\/medapp.lv\/lt\/wp-json\/wp\/v2\/product\/21913\/revisions\/21920"}],"wp:featuredmedia":[{"embeddable":true,"href":"https:\/\/medapp.lv\/lt\/wp-json\/wp\/v2\/media\/21914"}],"wp:attachment":[{"href":"https:\/\/medapp.lv\/lt\/wp-json\/wp\/v2\/media?parent=21913"}],"wp:term":[{"taxonomy":"product_brand","embeddable":true,"href":"https:\/\/medapp.lv\/lt\/wp-json\/wp\/v2\/product_brand?post=21913"},{"taxonomy":"product_cat","embeddable":true,"href":"https:\/\/medapp.lv\/lt\/wp-json\/wp\/v2\/product_cat?post=21913"},{"taxonomy":"product_tag","embeddable":true,"href":"https:\/\/medapp.lv\/lt\/wp-json\/wp\/v2\/product_tag?post=21913"}],"curies":[{"name":"wp","href":"https:\/\/api.w.org\/{rel}","templated":true}]}}