{"id":21923,"date":"2026-01-19T13:28:16","date_gmt":"2026-01-19T11:28:16","guid":{"rendered":"https:\/\/medapp.lv\/?post_type=product&#038;p=21923"},"modified":"2026-01-22T14:45:42","modified_gmt":"2026-01-22T12:45:42","slug":"pleca-ortoze-regulejama","status":"publish","type":"product","link":"https:\/\/medapp.lv\/lt\/produktas\/pleca-ortoze-regulejama\/","title":{"rendered":"Peties \u012ftvaras \u2013 reguliuojamas"},"content":{"rendered":"<p>Peties \u012ftvaras turi plat\u0173 reguliavimo pasirinkim\u0105 ir gali b\u016bti naudojamas tiek kair\u0117je, tiek de\u0161in\u0117je pus\u0117je. Jis stabilizuoja peties s\u0105nar\u012f ir ment\u0119.<\/p>\n<p data-start=\"185\" data-end=\"200\"><strong data-start=\"185\" data-end=\"198\">Savyb\u0117s:<\/strong><\/p>\n<ul data-start=\"201\" data-end=\"634\">\n<li data-start=\"201\" data-end=\"271\">\n<p data-start=\"203\" data-end=\"271\">Stabilizuoja peties s\u0105nar\u012f, akromioklavikulin\u012f s\u0105nar\u012f ir ment\u0119.<\/p>\n<\/li>\n<li data-start=\"272\" data-end=\"335\">\n<p data-start=\"274\" data-end=\"335\">I\u0161laiko \u0161ilum\u0105, neleisdamas k\u016bnui atv\u0117sti ar perkaisti.<\/p>\n<\/li>\n<li data-start=\"336\" data-end=\"449\">\n<p data-start=\"338\" data-end=\"449\">Patogu naudoti \u2013 atramoje n\u0117ra stor\u0173 pluo\u0161t\u0173, kurie, stipriai prispausti prie paciento odos, gali sukelti trint\u012f.<\/p>\n<\/li>\n<li data-start=\"450\" data-end=\"522\">\n<p data-start=\"452\" data-end=\"522\">Paprasta naudoti \u2013 pacientas gali lengvai u\u017esid\u0117ti ir nuimti atram\u0105.<\/p>\n<\/li>\n<li data-start=\"450\" data-end=\"522\">\n<p data-start=\"452\" data-end=\"522\">Atramos dizainas u\u017etikrina maksimal\u0173 komfort\u0105 ir nevar\u017eo judesi\u0173, tinka tiek moterims, tiek vyrams.<\/p>\n<\/li>\n<\/ul>","protected":false},"excerpt":{"rendered":"<p><strong data-start=\"636\" data-end=\"650\">Naudojimas:<\/strong><br data-start=\"650\" data-end=\"653\" \/>\u2013 stiprus, l\u0117tinis rank\u0173 ir pe\u010di\u0173 skausmo sindromas, potrauminiai poky\u010diai, degeneracija ir patologija<\/p>","protected":false},"featured_media":21924,"comment_status":"open","ping_status":"closed","template":"","meta":[],"product_brand":[],"product_cat":[136],"product_tag":[],"class_list":{"0":"post-21923","1":"product","2":"type-product","3":"status-publish","4":"has-post-thumbnail","6":"product_cat-pleca-ortozes","8":"first","9":"instock","10":"taxable","11":"shipping-taxable","12":"purchasable","13":"product-type-variable"},"_links":{"self":[{"href":"https:\/\/medapp.lv\/lt\/wp-json\/wp\/v2\/product\/21923","targetHints":{"allow":["GET"]}}],"collection":[{"href":"https:\/\/medapp.lv\/lt\/wp-json\/wp\/v2\/product"}],"about":[{"href":"https:\/\/medapp.lv\/lt\/wp-json\/wp\/v2\/types\/product"}],"replies":[{"embeddable":true,"href":"https:\/\/medapp.lv\/lt\/wp-json\/wp\/v2\/comments?post=21923"}],"version-history":[{"count":2,"href":"https:\/\/medapp.lv\/lt\/wp-json\/wp\/v2\/product\/21923\/revisions"}],"predecessor-version":[{"id":21932,"href":"https:\/\/medapp.lv\/lt\/wp-json\/wp\/v2\/product\/21923\/revisions\/21932"}],"wp:featuredmedia":[{"embeddable":true,"href":"https:\/\/medapp.lv\/lt\/wp-json\/wp\/v2\/media\/21924"}],"wp:attachment":[{"href":"https:\/\/medapp.lv\/lt\/wp-json\/wp\/v2\/media?parent=21923"}],"wp:term":[{"taxonomy":"product_brand","embeddable":true,"href":"https:\/\/medapp.lv\/lt\/wp-json\/wp\/v2\/product_brand?post=21923"},{"taxonomy":"product_cat","embeddable":true,"href":"https:\/\/medapp.lv\/lt\/wp-json\/wp\/v2\/product_cat?post=21923"},{"taxonomy":"product_tag","embeddable":true,"href":"https:\/\/medapp.lv\/lt\/wp-json\/wp\/v2\/product_tag?post=21923"}],"curies":[{"name":"wp","href":"https:\/\/api.w.org\/{rel}","templated":true}]}}