{"id":21933,"date":"2026-04-15T10:04:13","date_gmt":"2026-04-15T08:04:13","guid":{"rendered":"https:\/\/medapp.lv\/?post_type=product&#038;p=21933"},"modified":"2026-04-15T10:04:16","modified_gmt":"2026-04-15T08:04:16","slug":"atverta-plaukstas-locitavas-ortoze","status":"publish","type":"product","link":"https:\/\/medapp.lv\/lt\/produktas\/atverta-plaukstas-locitavas-ortoze\/","title":{"rendered":"Atvira rie\u0161o \u012ftvaras"},"content":{"rendered":"<p data-start=\"34\" data-end=\"176\">Ortoz\u0117 stabilizuoja rie\u0161o ir rie\u0161o s\u0105nar\u012f.<\/p>\n<p data-start=\"178\" data-end=\"240\">Ortoz\u0117 pagaminta i\u0161 novatori\u0161kos med\u017eiagos <strong data-start=\"212\" data-end=\"229\">AirSanmed II\u2122<\/strong> med\u017eiaga.<\/p>\n<p data-start=\"242\" data-end=\"379\">Apvyniojantis dizainas leid\u017eia lengvai u\u017esid\u0117ti ortoz\u0119 ir suteikia plat\u0173 reguliavimo bei stabilizavimo galimybi\u0173 spektr\u0105 skirtingoms rie\u0161o anatomijoms.<\/p>","protected":false},"excerpt":{"rendered":"<p data-start=\"525\" data-end=\"775\">Rie\u0161as tvirtinamas trimis \u201eVelcro\u201c dir\u017eeliais, kuri\u0173 galai yra su plastikiniais dangteliais, specialiai sukurtais pacientams, kuri\u0173 rank\u0173 judrumas ribotas, pavyzd\u017eiui, osteoartrito ir rie\u0161o nestabilumo atvejais.<\/p>\n<p data-start=\"777\" data-end=\"903\">Ortoz\u0117 turi anatomi\u0161kai suformuot\u0105, formuojam\u0105 ir nuimam\u0105 metalin\u0119 plok\u0161tel\u0119 delnui.<\/p>\n<p data-start=\"777\" data-end=\"903\">","protected":false},"featured_media":21934,"comment_status":"open","ping_status":"closed","template":"","meta":[],"product_brand":[337],"product_cat":[139],"product_tag":[],"class_list":{"0":"post-21933","1":"product","2":"type-product","3":"status-publish","4":"has-post-thumbnail","6":"product_brand-reh4mat","7":"product_cat-rokas-un-plaukstai","9":"first","10":"instock","11":"taxable","12":"shipping-taxable","13":"purchasable","14":"product-type-variable"},"_links":{"self":[{"href":"https:\/\/medapp.lv\/lt\/wp-json\/wp\/v2\/product\/21933","targetHints":{"allow":["GET"]}}],"collection":[{"href":"https:\/\/medapp.lv\/lt\/wp-json\/wp\/v2\/product"}],"about":[{"href":"https:\/\/medapp.lv\/lt\/wp-json\/wp\/v2\/types\/product"}],"replies":[{"embeddable":true,"href":"https:\/\/medapp.lv\/lt\/wp-json\/wp\/v2\/comments?post=21933"}],"version-history":[{"count":2,"href":"https:\/\/medapp.lv\/lt\/wp-json\/wp\/v2\/product\/21933\/revisions"}],"predecessor-version":[{"id":22091,"href":"https:\/\/medapp.lv\/lt\/wp-json\/wp\/v2\/product\/21933\/revisions\/22091"}],"wp:featuredmedia":[{"embeddable":true,"href":"https:\/\/medapp.lv\/lt\/wp-json\/wp\/v2\/media\/21934"}],"wp:attachment":[{"href":"https:\/\/medapp.lv\/lt\/wp-json\/wp\/v2\/media?parent=21933"}],"wp:term":[{"taxonomy":"product_brand","embeddable":true,"href":"https:\/\/medapp.lv\/lt\/wp-json\/wp\/v2\/product_brand?post=21933"},{"taxonomy":"product_cat","embeddable":true,"href":"https:\/\/medapp.lv\/lt\/wp-json\/wp\/v2\/product_cat?post=21933"},{"taxonomy":"product_tag","embeddable":true,"href":"https:\/\/medapp.lv\/lt\/wp-json\/wp\/v2\/product_tag?post=21933"}],"curies":[{"name":"wp","href":"https:\/\/api.w.org\/{rel}","templated":true}]}}