{"id":22194,"date":"2026-04-22T15:23:02","date_gmt":"2026-04-22T13:23:02","guid":{"rendered":"https:\/\/medapp.lv\/?post_type=product&#038;p=22194"},"modified":"2026-04-23T12:53:50","modified_gmt":"2026-04-23T10:53:50","slug":"pirksta-sina","status":"publish","type":"product","link":"https:\/\/medapp.lv\/lt\/produktas\/pirksta-sina\/","title":{"rendered":"Pir\u0161to \u012ftvaras"},"content":{"rendered":"<p data-start=\"0\" data-end=\"71\">\u012etvaras yra trumpo, pir\u0161tin\u0117s formos, su pir\u0161t\u0173 kanalais pir\u0161t\u0173 \u012ftvarams. B\u0117geliai pagaminti i\u0161 aliuminio ir apsaugoti nuo \u017ealingo prakaito poveikio milteliniu da\u017eymu. Vidin\u0117 pamu\u0161alo med\u017eiaga parinkta taip, kad gydytojui b\u016bt\u0173 lengva suteikti norim\u0105 form\u0105. \u012etvaras tiekiamas su atviros arba u\u017edaros formos pir\u0161t\u0173 \u012ftvarais. Kiekvienas \u012ftvaras turi tvirtinimo dir\u017eel\u012f. Standarti\u0161kai \u012ftvaras komplektuojamas su vienu u\u017edaro tipo pir\u0161t\u0173 \u012ftvaru. Gaminyje yra vieta nyk\u0161\u010diui ir \u012fmontuotas aplink j\u012f esantis saugos dir\u017eelis. \u012etvaras pagamintas i\u0161 standinto veli\u016bro trikota\u017eo ir elastingos likros med\u017eiagos. Be to, trumpas \u012ftvaro dizainas nevar\u017eo rie\u0161o judesi\u0173. \u012etvaras pagamintas i\u0161 \u201eAeroSpace\u2122\u201c med\u017eiagos.<\/p>","protected":false},"excerpt":{"rendered":"<p>Rankos \u012ftvaras pir\u0161t\u0173 (i\u0161skyrus nyk\u0161t\u012f) imobilizavimui.<\/p>","protected":false},"featured_media":22195,"comment_status":"closed","ping_status":"closed","template":"","meta":[],"product_brand":[337],"product_cat":[139],"product_tag":[],"class_list":{"0":"post-22194","1":"product","2":"type-product","3":"status-publish","4":"has-post-thumbnail","6":"product_brand-reh4mat","7":"product_cat-rokas-un-plaukstai","9":"first","10":"instock","11":"taxable","12":"shipping-taxable","13":"purchasable","14":"product-type-variable"},"_links":{"self":[{"href":"https:\/\/medapp.lv\/lt\/wp-json\/wp\/v2\/product\/22194","targetHints":{"allow":["GET"]}}],"collection":[{"href":"https:\/\/medapp.lv\/lt\/wp-json\/wp\/v2\/product"}],"about":[{"href":"https:\/\/medapp.lv\/lt\/wp-json\/wp\/v2\/types\/product"}],"replies":[{"embeddable":true,"href":"https:\/\/medapp.lv\/lt\/wp-json\/wp\/v2\/comments?post=22194"}],"version-history":[{"count":4,"href":"https:\/\/medapp.lv\/lt\/wp-json\/wp\/v2\/product\/22194\/revisions"}],"predecessor-version":[{"id":22215,"href":"https:\/\/medapp.lv\/lt\/wp-json\/wp\/v2\/product\/22194\/revisions\/22215"}],"wp:featuredmedia":[{"embeddable":true,"href":"https:\/\/medapp.lv\/lt\/wp-json\/wp\/v2\/media\/22195"}],"wp:attachment":[{"href":"https:\/\/medapp.lv\/lt\/wp-json\/wp\/v2\/media?parent=22194"}],"wp:term":[{"taxonomy":"product_brand","embeddable":true,"href":"https:\/\/medapp.lv\/lt\/wp-json\/wp\/v2\/product_brand?post=22194"},{"taxonomy":"product_cat","embeddable":true,"href":"https:\/\/medapp.lv\/lt\/wp-json\/wp\/v2\/product_cat?post=22194"},{"taxonomy":"product_tag","embeddable":true,"href":"https:\/\/medapp.lv\/lt\/wp-json\/wp\/v2\/product_tag?post=22194"}],"curies":[{"name":"wp","href":"https:\/\/api.w.org\/{rel}","templated":true}]}}