{"id":22216,"date":"2026-04-23T13:34:25","date_gmt":"2026-04-23T11:34:25","guid":{"rendered":"https:\/\/medapp.lv\/?post_type=product&#038;p=22216"},"modified":"2026-04-23T14:17:37","modified_gmt":"2026-04-23T12:17:37","slug":"pirksta-imobilizators","status":"publish","type":"product","link":"https:\/\/medapp.lv\/lt\/produktas\/pirksta-imobilizators\/","title":{"rendered":"Pir\u0161t\u0173 u\u017eraktas"},"content":{"rendered":"<p data-start=\"0\" data-end=\"317\">AM-SP-06 pir\u0161to \u012ftvaras turi du patogius aplinkinius dir\u017eelius su \u201eVelcro\u201c u\u017esegimu, kuriuos galima laisvai reguliuoti pagal pir\u0161to apimt\u012f. Taigi, \u012ftvar\u0105 galima naudoti tiek \u016bminiu laikotarpiu, kai pir\u0161tas yra patin\u0119s, tiek l\u0117tiniu laikotarpiu, taip pat profilakti\u0161kai apsaugoti pir\u0161takaulius nuo pakartotini\u0173 l\u016b\u017ei\u0173, i\u0161nirim\u0173 ar patempim\u0173. AM-SP-06 ortopedinis pir\u0161to \u012ftvaras yra vieno dyd\u017eio ir tinka abiem rankoms.<\/p>","protected":false},"excerpt":{"rendered":"<p>Pir\u0161to imobilizatorius AM-SP-06 turi lengv\u0105 aliuminio \u012ftvar\u0105, kur\u012f galima laisvai modifikuoti pagal terapines rekomendacijas, taip pat prireikus naudoti pir\u0161to tiesinimui ar lenkimui apriboti.<\/p>","protected":false},"featured_media":22224,"comment_status":"closed","ping_status":"closed","template":"","meta":[],"product_brand":[],"product_cat":[139],"product_tag":[],"class_list":{"0":"post-22216","1":"product","2":"type-product","3":"status-publish","4":"has-post-thumbnail","6":"product_cat-rokas-un-plaukstai","8":"first","9":"instock","10":"taxable","11":"shipping-taxable","12":"purchasable","13":"product-type-simple"},"_links":{"self":[{"href":"https:\/\/medapp.lv\/lt\/wp-json\/wp\/v2\/product\/22216","targetHints":{"allow":["GET"]}}],"collection":[{"href":"https:\/\/medapp.lv\/lt\/wp-json\/wp\/v2\/product"}],"about":[{"href":"https:\/\/medapp.lv\/lt\/wp-json\/wp\/v2\/types\/product"}],"replies":[{"embeddable":true,"href":"https:\/\/medapp.lv\/lt\/wp-json\/wp\/v2\/comments?post=22216"}],"version-history":[{"count":2,"href":"https:\/\/medapp.lv\/lt\/wp-json\/wp\/v2\/product\/22216\/revisions"}],"predecessor-version":[{"id":22226,"href":"https:\/\/medapp.lv\/lt\/wp-json\/wp\/v2\/product\/22216\/revisions\/22226"}],"wp:featuredmedia":[{"embeddable":true,"href":"https:\/\/medapp.lv\/lt\/wp-json\/wp\/v2\/media\/22224"}],"wp:attachment":[{"href":"https:\/\/medapp.lv\/lt\/wp-json\/wp\/v2\/media?parent=22216"}],"wp:term":[{"taxonomy":"product_brand","embeddable":true,"href":"https:\/\/medapp.lv\/lt\/wp-json\/wp\/v2\/product_brand?post=22216"},{"taxonomy":"product_cat","embeddable":true,"href":"https:\/\/medapp.lv\/lt\/wp-json\/wp\/v2\/product_cat?post=22216"},{"taxonomy":"product_tag","embeddable":true,"href":"https:\/\/medapp.lv\/lt\/wp-json\/wp\/v2\/product_tag?post=22216"}],"curies":[{"name":"wp","href":"https:\/\/api.w.org\/{rel}","templated":true}]}}