{"id":22227,"date":"2026-04-23T15:13:06","date_gmt":"2026-04-23T13:13:06","guid":{"rendered":"https:\/\/medapp.lv\/?post_type=product&#038;p=22227"},"modified":"2026-04-23T15:21:40","modified_gmt":"2026-04-23T13:21:40","slug":"pleca-ortoze","status":"publish","type":"product","link":"https:\/\/medapp.lv\/lt\/produktas\/pleca-ortoze\/","title":{"rendered":"Peties \u012ftvaras"},"content":{"rendered":"<p data-start=\"747\" data-end=\"878\">Kr\u016btin\u0117s sritis lieka \u201claisva\u201d, tod\u0117l padid\u0117ja naudojimo patogumas. AM-BX-03 yra universalus ir tinka tiek de\u0161inei, tiek kairei pusei. Ortezas pagamintas i\u0161 \u201eAeroSpace II\u2122\u201c ir \u201eActivePren\u2122\u201c med\u017eiag\u0173.<\/p>\n<p data-start=\"1077\" data-end=\"1099\"><strong data-start=\"1077\" data-end=\"1099\">Naudojimo tikslas:<\/strong><\/p>\n<ul>\n<li data-start=\"1077\" data-end=\"1099\">po peties traum\u0173<\/li>\n<li data-section-id=\"9fxk3x\" data-start=\"1122\" data-end=\"1133\">artroz\u0117<\/li>\n<li data-section-id=\"131t5jz\" data-start=\"1134\" data-end=\"1155\">peties i\u0161nirimas<\/li>\n<li data-section-id=\"hdnp18\" data-start=\"1156\" data-end=\"1165\">skausmas<\/li>\n<li data-section-id=\"k5z76z\" data-start=\"1166\" data-end=\"1179\">patinimas<\/li>\n<li data-section-id=\"195p2xr\" data-start=\"1180\" data-end=\"1193\">u\u017edegimas<\/li>\n<li data-section-id=\"110qup7\" data-start=\"1194\" data-end=\"1216\" data-is-last-node=\"\">prevenci\u0161kai sporte<\/li>\n<\/ul>","protected":false},"excerpt":{"rendered":"<p data-start=\"276\" data-end=\"646\">Peties \u012ftvaras mal\u0161ina skausm\u0105 ir gerina s\u0105nari\u0173 judrum\u0105. \u012etvaras AM-BX-03 apsaugo pet\u012f nuo per didelio sukimosi. Jis taip pat suteikia raumen\u0173 atram\u0105 judesio metu. Judesio metu sustipr\u0117ja silikoninio \u012fd\u0117klo skausm\u0105 mal\u0161inan\u010dios savyb\u0117s. \u201ePowerFit\u201c med\u017eiaga u\u017etikrina suspaudim\u0105 ir ma\u017eina patinim\u0105. D\u0117l elastingumo ir mink\u0161to dir\u017eelio \u012ftvar\u0105 lengva u\u017esid\u0117ti ir nusiimti.<\/p>","protected":false},"featured_media":22228,"comment_status":"closed","ping_status":"closed","template":"","meta":[],"product_brand":[],"product_cat":[136],"product_tag":[],"class_list":{"0":"post-22227","1":"product","2":"type-product","3":"status-publish","4":"has-post-thumbnail","6":"product_cat-pleca-ortozes","8":"first","9":"instock","10":"taxable","11":"shipping-taxable","12":"purchasable","13":"product-type-variable"},"_links":{"self":[{"href":"https:\/\/medapp.lv\/lt\/wp-json\/wp\/v2\/product\/22227","targetHints":{"allow":["GET"]}}],"collection":[{"href":"https:\/\/medapp.lv\/lt\/wp-json\/wp\/v2\/product"}],"about":[{"href":"https:\/\/medapp.lv\/lt\/wp-json\/wp\/v2\/types\/product"}],"replies":[{"embeddable":true,"href":"https:\/\/medapp.lv\/lt\/wp-json\/wp\/v2\/comments?post=22227"}],"version-history":[{"count":2,"href":"https:\/\/medapp.lv\/lt\/wp-json\/wp\/v2\/product\/22227\/revisions"}],"predecessor-version":[{"id":22234,"href":"https:\/\/medapp.lv\/lt\/wp-json\/wp\/v2\/product\/22227\/revisions\/22234"}],"wp:featuredmedia":[{"embeddable":true,"href":"https:\/\/medapp.lv\/lt\/wp-json\/wp\/v2\/media\/22228"}],"wp:attachment":[{"href":"https:\/\/medapp.lv\/lt\/wp-json\/wp\/v2\/media?parent=22227"}],"wp:term":[{"taxonomy":"product_brand","embeddable":true,"href":"https:\/\/medapp.lv\/lt\/wp-json\/wp\/v2\/product_brand?post=22227"},{"taxonomy":"product_cat","embeddable":true,"href":"https:\/\/medapp.lv\/lt\/wp-json\/wp\/v2\/product_cat?post=22227"},{"taxonomy":"product_tag","embeddable":true,"href":"https:\/\/medapp.lv\/lt\/wp-json\/wp\/v2\/product_tag?post=22227"}],"curies":[{"name":"wp","href":"https:\/\/api.w.org\/{rel}","templated":true}]}}