{"id":22239,"date":"2026-04-24T13:30:39","date_gmt":"2026-04-24T11:30:39","guid":{"rendered":"https:\/\/medapp.lv\/?post_type=product&#038;p=22239"},"modified":"2026-04-24T13:43:47","modified_gmt":"2026-04-24T11:43:47","slug":"vingrosanas-bumba-75cm","status":"publish","type":"product","link":"https:\/\/medapp.lv\/lt\/produktas\/vingrosanas-bumba-75cm\/","title":{"rendered":"Mank\u0161tos kamuolys 75 cm"},"content":{"rendered":"<p>\u201eBuReBa Professional\u201c mank\u0161tos kamuolys \u2013 idealus pasirinkimas \u012fvairioms treniruot\u0117ms. Jame \u012frengta inovatyvi \u201eBurst-Resistance\u201c technologija, kuri u\u017etikrina maksimal\u0173 saugum\u0105: pa\u017eeidimo atveju kamuolys nesprogsta staiga, o oras i\u0161eina palaipsniui, taip suma\u017eindamas traum\u0173 rizik\u0105. \u201eBurst-Resistance\u201c technologija: apsaugo nuo staigaus sprogimo iki 100 kg \u2013 oras i\u0161eina palaipsniui. Maksimali apkrova: atlaiko iki 300 kg, kad treniruot\u0117 b\u016bt\u0173 saugi. Med\u017eiaga: be ftalat\u0173, sveikesn\u0117ms treniruot\u0117ms. Pavir\u0161ius: neslystantis ir lengvai valomas.<\/p>","protected":false},"excerpt":{"rendered":"<p>Auk\u0161tos kokyb\u0117s, atsparus ply\u0161imui, pilkos spalvos mank\u0161tos kamuolys.<\/p>","protected":false},"featured_media":22240,"comment_status":"closed","ping_status":"closed","template":"","meta":[],"product_brand":[],"product_cat":[342],"product_tag":[],"class_list":{"0":"post-22239","1":"product","2":"type-product","3":"status-publish","4":"has-post-thumbnail","6":"product_cat-fizioterapijas-piederumi","8":"first","9":"instock","10":"taxable","11":"shipping-taxable","12":"purchasable","13":"product-type-simple"},"_links":{"self":[{"href":"https:\/\/medapp.lv\/lt\/wp-json\/wp\/v2\/product\/22239","targetHints":{"allow":["GET"]}}],"collection":[{"href":"https:\/\/medapp.lv\/lt\/wp-json\/wp\/v2\/product"}],"about":[{"href":"https:\/\/medapp.lv\/lt\/wp-json\/wp\/v2\/types\/product"}],"replies":[{"embeddable":true,"href":"https:\/\/medapp.lv\/lt\/wp-json\/wp\/v2\/comments?post=22239"}],"version-history":[{"count":2,"href":"https:\/\/medapp.lv\/lt\/wp-json\/wp\/v2\/product\/22239\/revisions"}],"predecessor-version":[{"id":22242,"href":"https:\/\/medapp.lv\/lt\/wp-json\/wp\/v2\/product\/22239\/revisions\/22242"}],"wp:featuredmedia":[{"embeddable":true,"href":"https:\/\/medapp.lv\/lt\/wp-json\/wp\/v2\/media\/22240"}],"wp:attachment":[{"href":"https:\/\/medapp.lv\/lt\/wp-json\/wp\/v2\/media?parent=22239"}],"wp:term":[{"taxonomy":"product_brand","embeddable":true,"href":"https:\/\/medapp.lv\/lt\/wp-json\/wp\/v2\/product_brand?post=22239"},{"taxonomy":"product_cat","embeddable":true,"href":"https:\/\/medapp.lv\/lt\/wp-json\/wp\/v2\/product_cat?post=22239"},{"taxonomy":"product_tag","embeddable":true,"href":"https:\/\/medapp.lv\/lt\/wp-json\/wp\/v2\/product_tag?post=22239"}],"curies":[{"name":"wp","href":"https:\/\/api.w.org\/{rel}","templated":true}]}}