{"id":22243,"date":"2026-04-24T14:28:32","date_gmt":"2026-04-24T12:28:32","guid":{"rendered":"https:\/\/medapp.lv\/?post_type=product&#038;p=22243"},"modified":"2026-04-24T14:30:44","modified_gmt":"2026-04-24T12:30:44","slug":"masazas-bumbina-10-cm","status":"publish","type":"product","link":"https:\/\/medapp.lv\/lt\/produktas\/masazas-bumbina-10-cm\/","title":{"rendered":"Masa\u017eo kamuoliukas 10 cm"},"content":{"rendered":"<p>D\u0117l optimalaus kietumo \u0161is kamuoliukas yra lengvai naudojamas ir i\u0161laiko auk\u0161t\u0105 efektyvum\u0105. Mink\u0161ti smaigai tikslingai stimuliuoja raumenis, skatindami geresn\u0119 kraujotak\u0105 ir bendr\u0105 atsistatym\u0105. Med\u017eiaga: auk\u0161tos kokyb\u0117s, patvarus plastikas. Funkcija: gerina kraujotak\u0105 ir atpalaiduoja \u012fsitempusius raumenis. Universalus naudojimas: tinka masa\u017eui, refleksologijai ir kineziterapijai. Masa\u017eo kamuoliukas su smaigais suteikia kelet\u0105 privalum\u0173: stimuliuoja kraujotak\u0105 ir skatina atsistatym\u0105, ma\u017eina \u012ftamp\u0105, tinka sportininkams, kineziterapijai.<\/p>","protected":false},"excerpt":{"rendered":"<p>\u201eTrendy Sport\u201c masa\u017eo kamuoliukas su mentel\u0117mis yra universalus \u012frankis masa\u017eui, kraujotakos gerinimui ir atsipalaidavimui.<\/p>","protected":false},"featured_media":22244,"comment_status":"closed","ping_status":"closed","template":"","meta":[],"product_brand":[],"product_cat":[342],"product_tag":[],"class_list":{"0":"post-22243","1":"product","2":"type-product","3":"status-publish","4":"has-post-thumbnail","6":"product_cat-fizioterapijas-piederumi","8":"first","9":"instock","10":"taxable","11":"shipping-taxable","12":"purchasable","13":"product-type-simple"},"_links":{"self":[{"href":"https:\/\/medapp.lv\/lt\/wp-json\/wp\/v2\/product\/22243","targetHints":{"allow":["GET"]}}],"collection":[{"href":"https:\/\/medapp.lv\/lt\/wp-json\/wp\/v2\/product"}],"about":[{"href":"https:\/\/medapp.lv\/lt\/wp-json\/wp\/v2\/types\/product"}],"replies":[{"embeddable":true,"href":"https:\/\/medapp.lv\/lt\/wp-json\/wp\/v2\/comments?post=22243"}],"version-history":[{"count":1,"href":"https:\/\/medapp.lv\/lt\/wp-json\/wp\/v2\/product\/22243\/revisions"}],"predecessor-version":[{"id":22245,"href":"https:\/\/medapp.lv\/lt\/wp-json\/wp\/v2\/product\/22243\/revisions\/22245"}],"wp:featuredmedia":[{"embeddable":true,"href":"https:\/\/medapp.lv\/lt\/wp-json\/wp\/v2\/media\/22244"}],"wp:attachment":[{"href":"https:\/\/medapp.lv\/lt\/wp-json\/wp\/v2\/media?parent=22243"}],"wp:term":[{"taxonomy":"product_brand","embeddable":true,"href":"https:\/\/medapp.lv\/lt\/wp-json\/wp\/v2\/product_brand?post=22243"},{"taxonomy":"product_cat","embeddable":true,"href":"https:\/\/medapp.lv\/lt\/wp-json\/wp\/v2\/product_cat?post=22243"},{"taxonomy":"product_tag","embeddable":true,"href":"https:\/\/medapp.lv\/lt\/wp-json\/wp\/v2\/product_tag?post=22243"}],"curies":[{"name":"wp","href":"https:\/\/api.w.org\/{rel}","templated":true}]}}