{"id":22247,"date":"2026-04-27T11:41:58","date_gmt":"2026-04-27T09:41:58","guid":{"rendered":"https:\/\/medapp.lv\/?post_type=product&#038;p=22247"},"modified":"2026-04-27T12:07:41","modified_gmt":"2026-04-27T10:07:41","slug":"jogas-paklajins-eco-180x60x06-cm","status":"publish","type":"product","link":"https:\/\/medapp.lv\/lt\/produktas\/jogas-paklajins-eco-180x60x06-cm\/","title":{"rendered":"Jogos kilim\u0117lis Eco 180\u00d760\u00d70,6 cm"},"content":{"rendered":"<p data-start=\"514\" data-end=\"529\">Savyb\u0117s:<\/p>\n<ul data-start=\"530\" data-end=\"1011\">\n<li data-section-id=\"tdokyj\" data-start=\"530\" data-end=\"588\">Med\u017eiaga: auk\u0161tos kokyb\u0117s, ekologi\u0161kas TPE<\/li>\n<li data-section-id=\"fnl1z6\" data-start=\"589\" data-end=\"662\">Dydis: 180 \u00d7 60 \u00d7 0,6 cm \u2013 tinka visiems jogos pratimams<\/li>\n<li data-section-id=\"1grn8dn\" data-start=\"663\" data-end=\"728\">Neslystantis ir stabilus: puikus sukibimas su bet kokiu pavir\u0161iumi<\/li>\n<li data-section-id=\"axuqdq\" data-start=\"729\" data-end=\"790\">Dviej\u0173 spalv\u0173 dizainas: modernus vaizdas su patobulinta tekst\u016bra<\/li>\n<li data-section-id=\"gy5sxk\" data-start=\"791\" data-end=\"856\">Tvarus: 100% perdirbamas ir be AZO da\u017eikli\u0173<\/li>\n<li data-section-id=\"1oj7bcf\" data-start=\"857\" data-end=\"897\">Lengva prie\u017ei\u016bra: tiesiog valykite<\/li>\n<li data-section-id=\"15srnem\" data-start=\"898\" data-end=\"946\">Spalv\u0173 pasirinkimas: galima rinktis i\u0161 5 mading\u0173 spalv\u0173<\/li>\n<li data-section-id=\"odeaib\" data-start=\"947\" data-end=\"1011\">Pridedamas ne\u0161iojimo dir\u017eelis: lengva laikyti ir transportuoti<\/li>\n<\/ul>\n<p>Su \u201eYogaMat Eco\u201c rinkiniu ir ne\u0161iojimo dir\u017eeliu gausite tvar\u0173, patvar\u0173 ir patog\u0173 kilim\u0117l\u012f jogos praktikai.<\/p>","protected":false},"excerpt":{"rendered":"<p>\u201eYogaMat Eco\u201c komplektas yra puikus pasirinkimas ie\u0161kantiems tvaraus ir patogaus jogos kilim\u0117lio su prakti\u0161ku ne\u0161iojimo dir\u017eeliu. Jis pagamintas i\u0161 auk\u0161tos kokyb\u0117s TPE med\u017eiagos, kuri u\u017etikrina puik\u0173 neslystant\u012f ir patog\u0173 pamink\u0161tinim\u0105.<\/p>","protected":false},"featured_media":22252,"comment_status":"closed","ping_status":"closed","template":"","meta":[],"product_brand":[],"product_cat":[342],"product_tag":[],"class_list":{"0":"post-22247","1":"product","2":"type-product","3":"status-publish","4":"has-post-thumbnail","6":"product_cat-fizioterapijas-piederumi","8":"first","9":"instock","10":"taxable","11":"shipping-taxable","12":"purchasable","13":"product-type-variable"},"_links":{"self":[{"href":"https:\/\/medapp.lv\/lt\/wp-json\/wp\/v2\/product\/22247","targetHints":{"allow":["GET"]}}],"collection":[{"href":"https:\/\/medapp.lv\/lt\/wp-json\/wp\/v2\/product"}],"about":[{"href":"https:\/\/medapp.lv\/lt\/wp-json\/wp\/v2\/types\/product"}],"replies":[{"embeddable":true,"href":"https:\/\/medapp.lv\/lt\/wp-json\/wp\/v2\/comments?post=22247"}],"version-history":[{"count":2,"href":"https:\/\/medapp.lv\/lt\/wp-json\/wp\/v2\/product\/22247\/revisions"}],"predecessor-version":[{"id":22265,"href":"https:\/\/medapp.lv\/lt\/wp-json\/wp\/v2\/product\/22247\/revisions\/22265"}],"wp:featuredmedia":[{"embeddable":true,"href":"https:\/\/medapp.lv\/lt\/wp-json\/wp\/v2\/media\/22252"}],"wp:attachment":[{"href":"https:\/\/medapp.lv\/lt\/wp-json\/wp\/v2\/media?parent=22247"}],"wp:term":[{"taxonomy":"product_brand","embeddable":true,"href":"https:\/\/medapp.lv\/lt\/wp-json\/wp\/v2\/product_brand?post=22247"},{"taxonomy":"product_cat","embeddable":true,"href":"https:\/\/medapp.lv\/lt\/wp-json\/wp\/v2\/product_cat?post=22247"},{"taxonomy":"product_tag","embeddable":true,"href":"https:\/\/medapp.lv\/lt\/wp-json\/wp\/v2\/product_tag?post=22247"}],"curies":[{"name":"wp","href":"https:\/\/api.w.org\/{rel}","templated":true}]}}