{"id":22266,"date":"2026-04-27T12:16:48","date_gmt":"2026-04-27T10:16:48","guid":{"rendered":"https:\/\/medapp.lv\/?post_type=product&#038;p=22266"},"modified":"2026-04-27T12:26:18","modified_gmt":"2026-04-27T10:26:18","slug":"pilates-bumba-melina-30cm","status":"publish","type":"product","link":"https:\/\/medapp.lv\/lt\/produktas\/pilates-bumba-melina-30cm\/","title":{"rendered":"Pilateso kamuolys Melina 30 cm"},"content":{"rendered":"<p>Pagamintas i\u0161 auk\u0161tos kokyb\u0117s PVC, kamuolys yra itin patvarus ir lengvai pri\u017ei\u016brimas.<\/p>\n<p data-start=\"489\" data-end=\"504\"><strong data-start=\"489\" data-end=\"502\">Savyb\u0117s:<\/strong><\/p>\n<ul data-start=\"505\" data-end=\"821\">\n<li data-section-id=\"9bc53i\" data-start=\"505\" data-end=\"568\"><strong data-start=\"507\" data-end=\"521\">Med\u017eiaga:<\/strong> auk\u0161tos kokyb\u0117s PVC \u2013 patvarus ir tvirtas<\/li>\n<li data-section-id=\"b211hr\" data-start=\"605\" data-end=\"685\"><strong data-start=\"607\" data-end=\"633\">Universalus naudojimas:<\/strong> idealiai tinka Pilateso pratimams tobulinti<\/li>\n<li data-section-id=\"1faih9g\" data-start=\"686\" data-end=\"749\"><strong data-start=\"688\" data-end=\"707\">Lengva prie\u017ei\u016bra:<\/strong> Higieni\u0161ka med\u017eiaga kasdien\u0117ms treniruot\u0117ms<\/li>\n<li data-section-id=\"1d2oqap\" data-start=\"750\" data-end=\"821\"><strong data-start=\"752\" data-end=\"784\">Tinka studijoms ir namams:<\/strong> Puikus bet kokios treniruot\u0117s papildymas<\/li>\n<\/ul>","protected":false},"excerpt":{"rendered":"<p>\u201eMelina Pilates\u201c kamuolys puikiai papildys j\u016bs\u0173 Pilates treniruotes. Jis padeda pratimus padaryti intensyvesnius ir skatina efektyvesn\u012f j\u0173 atlikim\u0105. Kamuolys suteikia j\u016bs\u0173 treniruot\u0117ms \u012fvairov\u0117s ir leid\u017eia atlikti \u012fvairius naujus pratimus.<\/p>","protected":false},"featured_media":22268,"comment_status":"closed","ping_status":"closed","template":"","meta":[],"product_brand":[],"product_cat":[342],"product_tag":[],"class_list":{"0":"post-22266","1":"product","2":"type-product","3":"status-publish","4":"has-post-thumbnail","6":"product_cat-fizioterapijas-piederumi","8":"first","9":"instock","10":"taxable","11":"shipping-taxable","12":"purchasable","13":"product-type-simple"},"_links":{"self":[{"href":"https:\/\/medapp.lv\/lt\/wp-json\/wp\/v2\/product\/22266","targetHints":{"allow":["GET"]}}],"collection":[{"href":"https:\/\/medapp.lv\/lt\/wp-json\/wp\/v2\/product"}],"about":[{"href":"https:\/\/medapp.lv\/lt\/wp-json\/wp\/v2\/types\/product"}],"replies":[{"embeddable":true,"href":"https:\/\/medapp.lv\/lt\/wp-json\/wp\/v2\/comments?post=22266"}],"version-history":[{"count":1,"href":"https:\/\/medapp.lv\/lt\/wp-json\/wp\/v2\/product\/22266\/revisions"}],"predecessor-version":[{"id":22267,"href":"https:\/\/medapp.lv\/lt\/wp-json\/wp\/v2\/product\/22266\/revisions\/22267"}],"wp:featuredmedia":[{"embeddable":true,"href":"https:\/\/medapp.lv\/lt\/wp-json\/wp\/v2\/media\/22268"}],"wp:attachment":[{"href":"https:\/\/medapp.lv\/lt\/wp-json\/wp\/v2\/media?parent=22266"}],"wp:term":[{"taxonomy":"product_brand","embeddable":true,"href":"https:\/\/medapp.lv\/lt\/wp-json\/wp\/v2\/product_brand?post=22266"},{"taxonomy":"product_cat","embeddable":true,"href":"https:\/\/medapp.lv\/lt\/wp-json\/wp\/v2\/product_cat?post=22266"},{"taxonomy":"product_tag","embeddable":true,"href":"https:\/\/medapp.lv\/lt\/wp-json\/wp\/v2\/product_tag?post=22266"}],"curies":[{"name":"wp","href":"https:\/\/api.w.org\/{rel}","templated":true}]}}