{"id":22270,"date":"2026-04-27T14:13:47","date_gmt":"2026-04-27T12:13:47","guid":{"rendered":"https:\/\/medapp.lv\/?post_type=product&#038;p=22270"},"modified":"2026-04-27T14:31:22","modified_gmt":"2026-04-27T12:31:22","slug":"pretestibas-gumija-hip-loop","status":"publish","type":"product","link":"https:\/\/medapp.lv\/lt\/produktas\/pretestibas-gumija-hip-loop\/","title":{"rendered":"Atsparumo juosta klub\u0173 kilpai"},"content":{"rendered":"<p>\u0160ios juostos, turin\u010dios tris skirtingus pasiprie\u0161inimo lygius, idealiai tinka kineziterapijai, reabilitaciniams mokymams ir profesionaliems k\u016bno rengybos pratimams. Tikslus pasiprie\u0161inimo gradavimas leid\u017eia palaipsniui didinti kr\u016bv\u012f ir skatina ilgalaik\u012f fizinio pasirengimo ger\u0117jim\u0105.<\/p>\n<p data-start=\"778\" data-end=\"793\">Savyb\u0117s:<\/p>\n<ul data-start=\"794\" data-end=\"1130\">\n<li data-section-id=\"1430fhu\" data-start=\"794\" data-end=\"869\">Med\u017eiaga: nailonas su neslystan\u010diu latekso vidumi, kad b\u016bt\u0173 u\u017etikrintas maksimalus sukibimas<\/li>\n<li data-section-id=\"15hb41g\" data-start=\"870\" data-end=\"945\">Pasiprie\u0161inimo lygiai: trys skirtingi intensyvumai individualioms treniruot\u0117ms<\/li>\n<li data-section-id=\"vjuc4h\" data-start=\"946\" data-end=\"1045\">Universalus naudojimas: tinka kineziterapijai, reabilitacijai ir profesionaliam k\u016bno rengybai<\/li>\n<li data-section-id=\"1o0ah3h\" data-start=\"1046\" data-end=\"1130\">Efektyvi viso k\u016bno treniruot\u0117: stiprina koj\u0173, rank\u0173 ir liemens raumenis<\/li>\n<\/ul>","protected":false},"excerpt":{"rendered":"<p>Madingos \u201eHip Loop\u201c pasiprie\u0161inimo juostos yra auk\u0161\u010diausios kokyb\u0117s alternatyva tradicin\u0117ms latekso kilpoms. Jos pagamintos i\u0161 auk\u0161tos kokyb\u0117s nailono su neslystan\u010diu latekso vidumi, kuris u\u017etikrina papildom\u0105 sukibim\u0105 ir stabilum\u0105 treniruo\u010di\u0173 metu.<\/p>","protected":false},"featured_media":22271,"comment_status":"closed","ping_status":"closed","template":"","meta":[],"product_brand":[],"product_cat":[342],"product_tag":[],"class_list":{"0":"post-22270","1":"product","2":"type-product","3":"status-publish","4":"has-post-thumbnail","6":"product_cat-fizioterapijas-piederumi","8":"first","9":"instock","10":"taxable","11":"shipping-taxable","12":"purchasable","13":"product-type-variable"},"_links":{"self":[{"href":"https:\/\/medapp.lv\/lt\/wp-json\/wp\/v2\/product\/22270","targetHints":{"allow":["GET"]}}],"collection":[{"href":"https:\/\/medapp.lv\/lt\/wp-json\/wp\/v2\/product"}],"about":[{"href":"https:\/\/medapp.lv\/lt\/wp-json\/wp\/v2\/types\/product"}],"replies":[{"embeddable":true,"href":"https:\/\/medapp.lv\/lt\/wp-json\/wp\/v2\/comments?post=22270"}],"version-history":[{"count":2,"href":"https:\/\/medapp.lv\/lt\/wp-json\/wp\/v2\/product\/22270\/revisions"}],"predecessor-version":[{"id":22279,"href":"https:\/\/medapp.lv\/lt\/wp-json\/wp\/v2\/product\/22270\/revisions\/22279"}],"wp:featuredmedia":[{"embeddable":true,"href":"https:\/\/medapp.lv\/lt\/wp-json\/wp\/v2\/media\/22271"}],"wp:attachment":[{"href":"https:\/\/medapp.lv\/lt\/wp-json\/wp\/v2\/media?parent=22270"}],"wp:term":[{"taxonomy":"product_brand","embeddable":true,"href":"https:\/\/medapp.lv\/lt\/wp-json\/wp\/v2\/product_brand?post=22270"},{"taxonomy":"product_cat","embeddable":true,"href":"https:\/\/medapp.lv\/lt\/wp-json\/wp\/v2\/product_cat?post=22270"},{"taxonomy":"product_tag","embeddable":true,"href":"https:\/\/medapp.lv\/lt\/wp-json\/wp\/v2\/product_tag?post=22270"}],"curies":[{"name":"wp","href":"https:\/\/api.w.org\/{rel}","templated":true}]}}