{"id":22280,"date":"2026-04-27T14:36:54","date_gmt":"2026-04-27T12:36:54","guid":{"rendered":"https:\/\/medapp.lv\/?post_type=product&#038;p=22280"},"modified":"2026-04-29T09:26:18","modified_gmt":"2026-04-29T07:26:18","slug":"pretestibas-gumija-trendy-tone-loop","status":"publish","type":"product","link":"https:\/\/medapp.lv\/lt\/produktas\/pretestibas-gumija-trendy-tone-loop\/","title":{"rendered":"Madinga tono kilpos pasiprie\u0161inimo juosta"},"content":{"rendered":"<div class=\"text-base my-auto mx-auto [--thread-content-margin:var(--thread-content-margin-xs,calc(var(--spacing)*4))] @w-sm\/main:[--thread-content-margin:var(--thread-content-margin-sm,calc(var(--spacing)*6))] @w-lg\/main:[--thread-content-margin:var(--thread-content-margin-lg,calc(var(--spacing)*16))] px-(--thread-content-margin)\">\n<div class=\"[--thread-content-max-width:40rem] @w-lg\/main:[--thread-content-max-width:48rem] mx-auto max-w-(--thread-content-max-width) flex-1 group\/turn-messages focus-visible:outline-hidden relative flex w-full min-w-0 flex-col agent-turn\">\n<div class=\"flex max-w-full flex-col gap-4 grow\">\n<div class=\"min-h-8 text-message relative flex w-full flex-col items-end gap-2 text-start break-words whitespace-normal outline-none keyboard-focused:focus-ring [.text-message+&amp;]:mt-1\" dir=\"auto\" data-message-author-role=\"assistant\" data-message-id=\"743def14-03df-4279-b316-60707b480891\" data-message-model-slug=\"gpt-5-3\">\n<div class=\"flex w-full flex-col gap-1 empty:hidden\">\n<div class=\"markdown prose dark:prose-invert w-full wrap-break-word light markdown-new-styling\">\n<p data-start=\"552\" data-end=\"567\">\u201eX-light\u201c (oran\u017ein\u0117) \u2013 storis 0,3 mm, pasiprie\u0161inimas 6,8\u20139 kg<br \/>\n\u0160viesi (geltona) \u2013 storis 0,5 mm, pasiprie\u0161inimas 9\u201311 kg<br \/>\nVidutinis (\u017ealias) \u2013 storis 0,7 mm, pasiprie\u0161inimas 11\u201313,5 kg<br \/>\nSunkus (raudonas) \u2013 storis 0,9 mm,<br \/>\nX-Heavy (m\u0117lynas) \u2013 storis 1,1 mm<br \/>\nXX-Heavy (pilkas) \u2013 storis 1,3 mm<\/p>\n<p data-start=\"552\" data-end=\"567\">Savyb\u0117s:<\/p>\n<ul data-start=\"568\" data-end=\"929\">\n<li data-section-id=\"1rz4jcx\" data-start=\"568\" data-end=\"634\">Med\u017eiaga: auk\u0161tos kokyb\u0117s lateksas, u\u017etikrinantis maksimal\u0173 patvarum\u0105<\/li>\n<li data-section-id=\"c8dbng\" data-start=\"635\" data-end=\"709\">Pasiprie\u0161inimo lygiai: 5 skirtingi intensyvumo lygiai individualioms treniruot\u0117ms<\/li>\n<li data-section-id=\"omzta8\" data-start=\"710\" data-end=\"812\">Universalus naudojimas: tinka kineziterapijai, reabilitacijai, j\u0117gos treniruot\u0117ms ir k\u016bno rengybai<\/li>\n<li data-section-id=\"kvn232\" data-start=\"813\" data-end=\"929\">Viso k\u016bno treniruot\u0117: idealiai tinka tokiems pratimams kaip pilvo presas, tricepso lenkimas ir kt.<\/li>\n<\/ul>\n<p data-start=\"931\" data-end=\"1026\">Privalumai:<\/p>\n<ul data-start=\"1028\" data-end=\"1374\">\n<li data-section-id=\"1tfcqy2\" data-start=\"1028\" data-end=\"1105\">Efektyvi viso k\u016bno treniruot\u0117: pagerina j\u0117g\u0105, stabilum\u0105 ir judrum\u0105<\/li>\n<li data-section-id=\"1hh4i0o\" data-start=\"1106\" data-end=\"1178\">Kompakti\u0161kas ir lengvas: idealiai tinka treniruot\u0117ms namuose ar kelyje<\/li>\n<li data-section-id=\"1ev1v27\" data-start=\"1179\" data-end=\"1264\">Patvarus ir lankstus: auk\u0161tos kokyb\u0117s med\u017eiagos u\u017etikrina ilg\u0105 tarnavimo laik\u0105<\/li>\n<li data-section-id=\"1yt8e1c\" data-start=\"1265\" data-end=\"1374\">Tinka visiems fizinio pasirengimo lygiams: \u012fvair\u016bs pasiprie\u0161inimo lygiai nuo pradedan\u010di\u0173j\u0173 iki profesional\u0173<\/li>\n<\/ul>\n<p data-start=\"1376\" data-end=\"1530\" data-is-last-node=\"\" data-is-only-node=\"\">Su \u201eTrendy Tone Loop\u201c pasiprie\u0161inimo juostomis galite treniruotis efektyviai ir tikslingai \u2013 puikus pasirinkimas visiems, norintiems pagerinti savo fizin\u012f pasirengim\u0105.<\/p>\n<\/div>\n<\/div>\n<\/div>\n<\/div>\n<div class=\"z-0 flex min-h-[46px] justify-start\"><\/div>\n<\/div>\n<\/div>","protected":false},"excerpt":{"rendered":"<p>\u201eTrendy Tone Loop\u201c pasiprie\u0161inimo juostos yra prakti\u0161ka ir universali treniruo\u010di\u0173 priemon\u0117, tinkanti \u012fvairiems pratimams. Pagamintos i\u0161 auk\u0161tos kokyb\u0117s latekso, \u0161ios juostos yra itin patvarios ir ilgaam\u017e\u0117s.<\/p>","protected":false},"featured_media":22283,"comment_status":"closed","ping_status":"closed","template":"","meta":[],"product_brand":[],"product_cat":[342],"product_tag":[],"class_list":{"0":"post-22280","1":"product","2":"type-product","3":"status-publish","4":"has-post-thumbnail","6":"product_cat-fizioterapijas-piederumi","8":"first","9":"instock","10":"taxable","11":"shipping-taxable","12":"purchasable","13":"product-type-variable"},"_links":{"self":[{"href":"https:\/\/medapp.lv\/lt\/wp-json\/wp\/v2\/product\/22280","targetHints":{"allow":["GET"]}}],"collection":[{"href":"https:\/\/medapp.lv\/lt\/wp-json\/wp\/v2\/product"}],"about":[{"href":"https:\/\/medapp.lv\/lt\/wp-json\/wp\/v2\/types\/product"}],"replies":[{"embeddable":true,"href":"https:\/\/medapp.lv\/lt\/wp-json\/wp\/v2\/comments?post=22280"}],"version-history":[{"count":4,"href":"https:\/\/medapp.lv\/lt\/wp-json\/wp\/v2\/product\/22280\/revisions"}],"predecessor-version":[{"id":22296,"href":"https:\/\/medapp.lv\/lt\/wp-json\/wp\/v2\/product\/22280\/revisions\/22296"}],"wp:featuredmedia":[{"embeddable":true,"href":"https:\/\/medapp.lv\/lt\/wp-json\/wp\/v2\/media\/22283"}],"wp:attachment":[{"href":"https:\/\/medapp.lv\/lt\/wp-json\/wp\/v2\/media?parent=22280"}],"wp:term":[{"taxonomy":"product_brand","embeddable":true,"href":"https:\/\/medapp.lv\/lt\/wp-json\/wp\/v2\/product_brand?post=22280"},{"taxonomy":"product_cat","embeddable":true,"href":"https:\/\/medapp.lv\/lt\/wp-json\/wp\/v2\/product_cat?post=22280"},{"taxonomy":"product_tag","embeddable":true,"href":"https:\/\/medapp.lv\/lt\/wp-json\/wp\/v2\/product_tag?post=22280"}],"curies":[{"name":"wp","href":"https:\/\/api.w.org\/{rel}","templated":true}]}}