{"id":22306,"date":"2026-04-29T11:32:21","date_gmt":"2026-04-29T09:32:21","guid":{"rendered":"https:\/\/medapp.lv\/?post_type=product&#038;p=22306"},"modified":"2026-04-29T16:35:54","modified_gmt":"2026-04-29T14:35:54","slug":"pretestibas-gumija-limite-25-m","status":"publish","type":"product","link":"https:\/\/medapp.lv\/lt\/produktas\/pretestibas-gumija-limite-25-m\/","title":{"rendered":"Atsparumo juosta \u201eLimite\u201c 2,5 m"},"content":{"rendered":"<p>Pateicoties elast\u012bbai, \u0161\u012bs gumijas ir \u012bpa\u0161i iecien\u012btas fizioterapij\u0101 ilgsto\u0161ai musku\u013cu atjauno\u0161anai. T\u0101s ir piem\u0113rotas ar\u012b visp\u0101r\u0113jiem fitnesa vingrin\u0101jumiem un funkcion\u0101lajam sp\u0113ka treni\u0146am.<\/p>\n<ul>\n<li data-section-id=\"1382ula\" data-start=\"1037\" data-end=\"1125\">Saudz\u012bgs sp\u0113ka treni\u0146\u0161: ide\u0101li rehabilit\u0101cijai un pak\u0101peniskai musku\u013cu stiprin\u0101\u0161anai<\/li>\n<li data-section-id=\"gc5zh0\" data-start=\"1126\" data-end=\"1187\">Kompaktas un vieglas: piem\u0113rotas treni\u0146iem m\u0101j\u0101s vai ce\u013c\u0101<\/li>\n<li data-section-id=\"1b3xzos\" data-start=\"1188\" data-end=\"1256\">Iztur\u012bgas un elast\u012bgas: kvalitat\u012bvs dizains ilgsto\u0161ai lieto\u0161anai<\/li>\n<li data-section-id=\"ocjp0o\" data-start=\"1257\" data-end=\"1351\">Piem\u0113rotas visiem l\u012bme\u0146iem: regul\u0113jama pretest\u012bba ies\u0101c\u0113jiem un pieredz\u0113ju\u0161iem lietot\u0101jiem<\/li>\n<\/ul>","protected":false},"excerpt":{"rendered":"<p>Iztur\u012bgas lateksa pretest\u012bbas gumijas 2,5 m garas un 15 cm platas. Ide\u0101li piem\u0113rotas fizioterapijai, rehabilit\u0101cijai un profesion\u0101liem sp\u0113ka treni\u0146iem.<\/p>","protected":false},"featured_media":22310,"comment_status":"closed","ping_status":"closed","template":"","meta":[],"product_brand":[],"product_cat":[342],"product_tag":[],"class_list":{"0":"post-22306","1":"product","2":"type-product","3":"status-publish","4":"has-post-thumbnail","6":"product_cat-fizioterapijas-piederumi","8":"first","9":"instock","10":"taxable","11":"shipping-taxable","12":"purchasable","13":"product-type-variable"},"_links":{"self":[{"href":"https:\/\/medapp.lv\/lt\/wp-json\/wp\/v2\/product\/22306","targetHints":{"allow":["GET"]}}],"collection":[{"href":"https:\/\/medapp.lv\/lt\/wp-json\/wp\/v2\/product"}],"about":[{"href":"https:\/\/medapp.lv\/lt\/wp-json\/wp\/v2\/types\/product"}],"replies":[{"embeddable":true,"href":"https:\/\/medapp.lv\/lt\/wp-json\/wp\/v2\/comments?post=22306"}],"version-history":[{"count":4,"href":"https:\/\/medapp.lv\/lt\/wp-json\/wp\/v2\/product\/22306\/revisions"}],"predecessor-version":[{"id":22316,"href":"https:\/\/medapp.lv\/lt\/wp-json\/wp\/v2\/product\/22306\/revisions\/22316"}],"wp:featuredmedia":[{"embeddable":true,"href":"https:\/\/medapp.lv\/lt\/wp-json\/wp\/v2\/media\/22310"}],"wp:attachment":[{"href":"https:\/\/medapp.lv\/lt\/wp-json\/wp\/v2\/media?parent=22306"}],"wp:term":[{"taxonomy":"product_brand","embeddable":true,"href":"https:\/\/medapp.lv\/lt\/wp-json\/wp\/v2\/product_brand?post=22306"},{"taxonomy":"product_cat","embeddable":true,"href":"https:\/\/medapp.lv\/lt\/wp-json\/wp\/v2\/product_cat?post=22306"},{"taxonomy":"product_tag","embeddable":true,"href":"https:\/\/medapp.lv\/lt\/wp-json\/wp\/v2\/product_tag?post=22306"}],"curies":[{"name":"wp","href":"https:\/\/api.w.org\/{rel}","templated":true}]}}