{"id":22318,"date":"2026-04-29T16:47:35","date_gmt":"2026-04-29T14:47:35","guid":{"rendered":"https:\/\/medapp.lv\/?post_type=product&#038;p=22318"},"modified":"2026-04-30T16:39:02","modified_gmt":"2026-04-30T14:39:02","slug":"atsvars-rokam-kajam","status":"publish","type":"product","link":"https:\/\/medapp.lv\/lt\/produktas\/atsvars-rokam-kajam\/","title":{"rendered":"Atsvars rok\u0101m\/k\u0101j\u0101m"},"content":{"rendered":"<p>Svara aproces pot\u012bt\u0113m un plaukst\u0101m ir ide\u0101ls aksesu\u0101rs jebkura treni\u0146a uzlabo\u0161anai. Pieejamas ar svaru no 0,5 kg l\u012bdz 3,0 kg, t\u0101s nodro\u0161ina pak\u0101penisku slodzes palielin\u0101\u0161anu, \u013caujot lietot\u0101jiem soli pa solim intensific\u0113t treni\u0146u. Izgatavotas no augstas kvalit\u0101tes neilona d\u017eersija, \u0161\u012bs aproces ir m\u012bkstas un pat\u012bkamas \u0101dai, nodro\u0161inot komfortu ilgsto\u0161as lieto\u0161anas laik\u0101. Iztur\u012bgi Velcro stiprin\u0101jumi un t\u0113rauda gredzeni garant\u0113 dro\u0161u piegul\u0161anu un ilgm\u016b\u017e\u012bbu. Aproc\u0113m ar svaru no 2 kg un vair\u0101k ir paredz\u0113tas dubult\u0101s cilpas, kas nodro\u0161ina papildu stabilit\u0101ti. Smil\u0161u pild\u012bjums ir dro\u0161i sadal\u012bts atsevi\u0161\u0137\u0101s kamer\u0101s, nov\u0113r\u0161ot nopl\u016bdi \u0101r\u0113j\u0101 sl\u0101\u0146a boj\u0101juma gad\u012bjum\u0101. Piem\u0113rotas gan rok\u0101m, gan k\u0101j\u0101m, \u0161\u012bs svara aproces ir ide\u0101li piem\u0113rotas da\u017e\u0101d\u0101m aktivit\u0101t\u0113m, tostarp skrie\u0161anai, fitnesam, rehabilit\u0101cijai vai jogai.<\/p>","protected":false},"excerpt":{"rendered":"<p>Augstas kvalit\u0101tes atsvari, izgatavotas no m\u012bksta neilona d\u017eersija. Pieejamas svar\u0101 no 0,5 kg l\u012bdz 1.5 kg, ar iztur\u012bg\u0101m Velcro aizdar\u0113m un t\u0113rauda gredzeniem. Piem\u0113rotas rok\u0101m un k\u0101j\u0101m \u2013 ide\u0101li daudzpus\u012bgiem treni\u0146iem.<\/p>","protected":false},"featured_media":22324,"comment_status":"closed","ping_status":"closed","template":"","meta":[],"product_brand":[],"product_cat":[342],"product_tag":[],"class_list":{"0":"post-22318","1":"product","2":"type-product","3":"status-publish","4":"has-post-thumbnail","6":"product_cat-fizioterapijas-piederumi","8":"first","9":"instock","10":"taxable","11":"shipping-taxable","12":"purchasable","13":"product-type-variable"},"_links":{"self":[{"href":"https:\/\/medapp.lv\/lt\/wp-json\/wp\/v2\/product\/22318","targetHints":{"allow":["GET"]}}],"collection":[{"href":"https:\/\/medapp.lv\/lt\/wp-json\/wp\/v2\/product"}],"about":[{"href":"https:\/\/medapp.lv\/lt\/wp-json\/wp\/v2\/types\/product"}],"replies":[{"embeddable":true,"href":"https:\/\/medapp.lv\/lt\/wp-json\/wp\/v2\/comments?post=22318"}],"version-history":[{"count":3,"href":"https:\/\/medapp.lv\/lt\/wp-json\/wp\/v2\/product\/22318\/revisions"}],"predecessor-version":[{"id":22332,"href":"https:\/\/medapp.lv\/lt\/wp-json\/wp\/v2\/product\/22318\/revisions\/22332"}],"wp:featuredmedia":[{"embeddable":true,"href":"https:\/\/medapp.lv\/lt\/wp-json\/wp\/v2\/media\/22324"}],"wp:attachment":[{"href":"https:\/\/medapp.lv\/lt\/wp-json\/wp\/v2\/media?parent=22318"}],"wp:term":[{"taxonomy":"product_brand","embeddable":true,"href":"https:\/\/medapp.lv\/lt\/wp-json\/wp\/v2\/product_brand?post=22318"},{"taxonomy":"product_cat","embeddable":true,"href":"https:\/\/medapp.lv\/lt\/wp-json\/wp\/v2\/product_cat?post=22318"},{"taxonomy":"product_tag","embeddable":true,"href":"https:\/\/medapp.lv\/lt\/wp-json\/wp\/v2\/product_tag?post=22318"}],"curies":[{"name":"wp","href":"https:\/\/api.w.org\/{rel}","templated":true}]}}