{"id":22342,"date":"2026-05-06T15:38:50","date_gmt":"2026-05-06T13:38:50","guid":{"rendered":"https:\/\/medapp.lv\/?post_type=product&#038;p=22342"},"modified":"2026-05-06T15:55:51","modified_gmt":"2026-05-06T13:55:51","slug":"hanteles","status":"publish","type":"product","link":"https:\/\/medapp.lv\/lt\/produktas\/hanteles\/","title":{"rendered":"Hanteliai"},"content":{"rendered":"<section class=\"text-token-text-primary w-full focus:outline-none [--shadow-height:45px] has-data-writing-block:pointer-events-none has-data-writing-block:-mt-(--shadow-height) has-data-writing-block:pt-(--shadow-height) [&amp;:has([data-writing-block])&gt;*]:pointer-events-auto R6Vx5W_threadScrollVars scroll-mb-[calc(var(--scroll-root-safe-area-inset-bottom,0px)+var(--thread-response-height))] scroll-mt-(--header-height)\" dir=\"auto\" data-turn-id=\"3bed0bf1-ebd9-4593-be19-f4aa0c0288cc\" data-testid=\"conversation-turn-19\" data-scroll-anchor=\"false\" data-turn=\"user\"><\/section>\n<section class=\"text-token-text-primary w-full focus:outline-none [--shadow-height:45px] has-data-writing-block:pointer-events-none has-data-writing-block:-mt-(--shadow-height) has-data-writing-block:pt-(--shadow-height) [&amp;:has([data-writing-block])&gt;*]:pointer-events-auto [content-visibility:auto] supports-[content-visibility:auto]:[contain-intrinsic-size:auto_100lvh] R6Vx5W_threadScrollVars scroll-mb-[calc(var(--scroll-root-safe-area-inset-bottom,0px)+var(--thread-response-height))] scroll-mt-[calc(var(--header-height)+min(200px,max(70px,20svh)))]\" dir=\"auto\" data-turn-id=\"request-WEB:0c8f4c8e-9656-446f-b748-fdaa24fb8e43-9\" data-testid=\"conversation-turn-20\" data-scroll-anchor=\"false\" data-turn=\"assistant\">\n<div class=\"text-base my-auto mx-auto pb-10 [--thread-content-margin:var(--thread-content-margin-xs,calc(var(--spacing)*4))] @w-sm\/main:[--thread-content-margin:var(--thread-content-margin-sm,calc(var(--spacing)*6))] @w-lg\/main:[--thread-content-margin:var(--thread-content-margin-lg,calc(var(--spacing)*16))] px-(--thread-content-margin)\">\n<div class=\"[--thread-content-max-width:40rem] @w-lg\/main:[--thread-content-max-width:48rem] mx-auto max-w-(--thread-content-max-width) flex-1 group\/turn-messages focus-visible:outline-hidden relative flex w-full min-w-0 flex-col agent-turn\">\n<div class=\"flex max-w-full flex-col gap-4 grow\">\n<div class=\"min-h-8 text-message relative flex w-full flex-col items-end gap-2 text-start break-words whitespace-normal outline-none keyboard-focused:focus-ring [.text-message+&amp;]:mt-1\" dir=\"auto\" tabindex=\"0\" data-message-author-role=\"assistant\" data-message-id=\"8b2982e5-9bc8-43a6-ad91-4149a8ca7abf\" data-message-model-slug=\"gpt-5-5\" data-turn-start-message=\"true\">\n<div class=\"flex w-full flex-col gap-1 empty:hidden\">\n<div class=\"markdown prose dark:prose-invert w-full wrap-break-word light markdown-new-styling\">\n<p data-start=\"0\" data-end=\"321\">Viniliniai hanteliai puikiai papildys bet kuri\u0105 sporto sal\u0117s ar nam\u0173 treniruo\u010di\u0173 rutin\u0105. Galima \u012fsigyti 0,5 kg, 1 kg, 1,5 kg, 2 kg, 3 kg svarmen\u0173, o laipsni\u0161kas svorio didinimas idealiai tinka \u012fvairiai veiklai, \u012fskaitant reabilitacinius pratimus, vandens aerobik\u0105 ir kt.<\/p>\n<p data-start=\"323\" data-end=\"611\">Hanteliai pagaminti i\u0161 patvaraus ir vandeniui atsparaus vinilo, kuris u\u017etikrina ilg\u0105 tarnavimo laik\u0105 ir yra visi\u0161kai bekvapis. Vinilo danga garantuoja tvirt\u0105 ir neslid\u0173 sukibim\u0105 net intensyvi\u0173 treniruo\u010di\u0173 metu. J\u0173 \u0161e\u0161iakamp\u0117 forma neleid\u017eia ried\u0117ti, u\u017etikrinant didesn\u012f komfort\u0105 ir saugum\u0105.<\/p>\n<p data-start=\"613\" data-end=\"854\" data-is-last-node=\"\" data-is-only-node=\"\">Ry\u0161ki\u0173 spalv\u0173 hanteliai suteikia energijos bet kokiai treniruo\u010di\u0173 aplinkai ir leid\u017eia lengvai atpa\u017einti reikiam\u0105 svor\u012f. Nesvarbu, ar esate pradedantysis, ar profesionalas, \u0161ie vinilo hanteliai yra puikus pasirinkimas efektyvioms j\u0117gos treniruot\u0117ms.<\/p>\n<\/div>\n<p data-start=\"613\" data-end=\"854\" data-is-last-node=\"\" data-is-only-node=\"\">Kaina nurodyta u\u017e vien\u0105 hantel\u012f.<\/p>\n<\/div>\n<\/div>\n<\/div>\n<\/div>\n<\/div>\n<\/section>","protected":false},"excerpt":{"rendered":"<p>Auk\u0161tos kokyb\u0117s vinilo hanteliai nuo 0,5 kg iki 3 kg. Patvar\u016bs, atspar\u016bs vandeniui ir bekvapiai. Idealiai tinka reabilitacijai, mank\u0161tai ir kitai veiklai. Neslystanti rankena ir \u0161e\u0161iakamp\u0117 forma, neleid\u017eianti ried\u0117ti.<\/p>","protected":false},"featured_media":22343,"comment_status":"closed","ping_status":"closed","template":"","meta":[],"product_brand":[],"product_cat":[342],"product_tag":[],"class_list":{"0":"post-22342","1":"product","2":"type-product","3":"status-publish","4":"has-post-thumbnail","6":"product_cat-fizioterapijas-piederumi","8":"first","9":"instock","10":"taxable","11":"shipping-taxable","12":"purchasable","13":"product-type-variable"},"_links":{"self":[{"href":"https:\/\/medapp.lv\/lt\/wp-json\/wp\/v2\/product\/22342","targetHints":{"allow":["GET"]}}],"collection":[{"href":"https:\/\/medapp.lv\/lt\/wp-json\/wp\/v2\/product"}],"about":[{"href":"https:\/\/medapp.lv\/lt\/wp-json\/wp\/v2\/types\/product"}],"replies":[{"embeddable":true,"href":"https:\/\/medapp.lv\/lt\/wp-json\/wp\/v2\/comments?post=22342"}],"version-history":[{"count":1,"href":"https:\/\/medapp.lv\/lt\/wp-json\/wp\/v2\/product\/22342\/revisions"}],"predecessor-version":[{"id":22353,"href":"https:\/\/medapp.lv\/lt\/wp-json\/wp\/v2\/product\/22342\/revisions\/22353"}],"wp:featuredmedia":[{"embeddable":true,"href":"https:\/\/medapp.lv\/lt\/wp-json\/wp\/v2\/media\/22343"}],"wp:attachment":[{"href":"https:\/\/medapp.lv\/lt\/wp-json\/wp\/v2\/media?parent=22342"}],"wp:term":[{"taxonomy":"product_brand","embeddable":true,"href":"https:\/\/medapp.lv\/lt\/wp-json\/wp\/v2\/product_brand?post=22342"},{"taxonomy":"product_cat","embeddable":true,"href":"https:\/\/medapp.lv\/lt\/wp-json\/wp\/v2\/product_cat?post=22342"},{"taxonomy":"product_tag","embeddable":true,"href":"https:\/\/medapp.lv\/lt\/wp-json\/wp\/v2\/product_tag?post=22342"}],"curies":[{"name":"wp","href":"https:\/\/api.w.org\/{rel}","templated":true}]}}